{"id":43,"date":"2023-05-10T14:24:50","date_gmt":"2023-05-10T14:24:50","guid":{"rendered":"https:\/\/www.ec-grup.com.tr\/?page_id=43"},"modified":"2023-05-10T14:44:41","modified_gmt":"2023-05-10T14:44:41","slug":"hakkimizda","status":"publish","type":"page","link":"https:\/\/www.ec-grup.com.tr\/?page_id=43","title":{"rendered":"Hakk\u0131m\u0131zda"},"content":{"rendered":"\n<div class=\"wp-block-columns is-layout-flex wp-container-2\">\n<div class=\"wp-block-column is-layout-flow\" style=\"border-style:none;border-width:0px;padding-top:var(--wp--preset--spacing--40);padding-right:var(--wp--preset--spacing--40);padding-bottom:var(--wp--preset--spacing--40);padding-left:var(--wp--preset--spacing--40)\">\n<p style=\"margin-top:var(--wp--preset--spacing--20);margin-right:var(--wp--preset--spacing--20);margin-bottom:var(--wp--preset--spacing--20);margin-left:var(--wp--preset--spacing--20)\">E\u00c7 Grup, kozmetik ve g\u00fczellik end\u00fcstrisinde \u00f6nc\u00fc bir konumda bulunmaktad\u0131r. Kurulu\u015fumuz, g\u00fczellik merkezlerini ve kozmetik \u00fcr\u00fcnlerini bir araya getiren kapsaml\u0131 bir platform olarak hizmet vermektedir.<\/p>\n\n\n\n<p style=\"margin-top:var(--wp--preset--spacing--20);margin-right:var(--wp--preset--spacing--20);margin-bottom:var(--wp--preset--spacing--20);margin-left:var(--wp--preset--spacing--20)\">E\u00c7 Grup, geni\u015f bir \u00fcr\u00fcn yelpazesine sahip olup, m\u00fc\u015fterilerine en kaliteli hizmeti sunmay\u0131 hedefler. Y\u0131llar\u0131n verdi\u011fi deneyim ve bilgi birikimiyle, end\u00fcstrinin ihtiya\u00e7lar\u0131n\u0131 anlama ve bu ihtiya\u00e7lara uygun \u00e7\u00f6z\u00fcmler sunma konusunda s\u00fcrekli bir \u00e7al\u0131\u015fma ve geli\u015fim i\u00e7erisinde olan grubumuz her bir m\u00fc\u015fterimizin benzersiz ihtiya\u00e7lar\u0131n\u0131 kar\u015f\u0131lamak i\u00e7in ki\u015fiye \u00f6zel hizmetler sunmay\u0131 taahh\u00fct eder.<\/p>\n\n\n\n<p><\/p>\n\n\n\n<p><\/p>\n\n\n\n<p><\/p>\n\n\n\n<p style=\"padding-top:var(--wp--preset--spacing--20);padding-right:var(--wp--preset--spacing--20);padding-bottom:var(--wp--preset--spacing--20);padding-left:var(--wp--preset--spacing--20)\">G\u00fczellik ve kozmetik sekt\u00f6r\u00fcnde faaliyet g\u00f6steren bir dizi i\u015f orta\u011f\u0131 ile E\u00c7 Grup, m\u00fc\u015fterilere geni\u015f bir \u00fcr\u00fcn ve hizmet portf\u00f6y\u00fc sunar.<\/p>\n\n\n\n<p style=\"padding-top:var(--wp--preset--spacing--20);padding-right:var(--wp--preset--spacing--20);padding-bottom:var(--wp--preset--spacing--20);padding-left:var(--wp--preset--spacing--20)\">E\u00c7 Grup, sadece \u00fcr\u00fcn ve hizmetlerin kalitesiyle de\u011fil, ayn\u0131 zamanda m\u00fc\u015fteri hizmetleri ve destek ekibi ile de \u00f6ne \u00e7\u0131kar. M\u00fc\u015fteri memnuniyeti E\u00c7 Grup&#8217;un \u00f6nceli\u011fi olup, her m\u00fc\u015fterinin ihtiya\u00e7lar\u0131na h\u0131zl\u0131 ve etkin bir \u015fekilde yan\u0131t verilir.<\/p>\n\n\n\n<p style=\"margin-top:var(--wp--preset--spacing--20);margin-right:var(--wp--preset--spacing--20);margin-bottom:var(--wp--preset--spacing--20);margin-left:var(--wp--preset--spacing--20)\">E\u00c7 Grup, gelecekte de kozmetik ve g\u00fczellik sekt\u00f6r\u00fcnde yenilik\u00e7i ve s\u00fcrd\u00fcr\u00fclebilir \u00e7\u00f6z\u00fcmler sunmay\u0131 hedeflemektedir. G\u00fczellik yolculu\u011funuzda E\u00c7 Grup ile birlikte b\u00fcy\u00fcmeye davetlisiniz.<\/p>\n<\/div>\n<\/div>\n","protected":false},"excerpt":{"rendered":"<p>E\u00c7 Grup, kozmetik ve g\u00fczellik end\u00fcstrisinde \u00f6nc\u00fc bir konumda bulunmaktad\u0131r. Kurulu\u015fumuz, g\u00fczellik merkezlerini ve kozmetik [&hellip;]<\/p>\n","protected":false},"author":1,"featured_media":10,"parent":0,"menu_order":0,"comment_status":"closed","ping_status":"closed","template":"","meta":{"ngg_post_thumbnail":0},"_links":{"self":[{"href":"https:\/\/www.ec-grup.com.tr\/index.php?rest_route=\/wp\/v2\/pages\/43"}],"collection":[{"href":"https:\/\/www.ec-grup.com.tr\/index.php?rest_route=\/wp\/v2\/pages"}],"about":[{"href":"https:\/\/www.ec-grup.com.tr\/index.php?rest_route=\/wp\/v2\/types\/page"}],"author":[{"embeddable":true,"href":"https:\/\/www.ec-grup.com.tr\/index.php?rest_route=\/wp\/v2\/users\/1"}],"replies":[{"embeddable":true,"href":"https:\/\/www.ec-grup.com.tr\/index.php?rest_route=%2Fwp%2Fv2%2Fcomments&post=43"}],"version-history":[{"count":4,"href":"https:\/\/www.ec-grup.com.tr\/index.php?rest_route=\/wp\/v2\/pages\/43\/revisions"}],"predecessor-version":[{"id":58,"href":"https:\/\/www.ec-grup.com.tr\/index.php?rest_route=\/wp\/v2\/pages\/43\/revisions\/58"}],"wp:featuredmedia":[{"embeddable":true,"href":"https:\/\/www.ec-grup.com.tr\/index.php?rest_route=\/wp\/v2\/media\/10"}],"wp:attachment":[{"href":"https:\/\/www.ec-grup.com.tr\/index.php?rest_route=%2Fwp%2Fv2%2Fmedia&parent=43"}],"curies":[{"name":"wp","href":"https:\/\/api.w.org\/{rel}","templated":true}]}}